{"id":23,"date":"2020-10-12T18:26:15","date_gmt":"2020-10-12T18:26:15","guid":{"rendered":"https:\/\/mlv-zh.ch\/?page_id=23"},"modified":"2021-12-07T16:51:32","modified_gmt":"2021-12-07T16:51:32","slug":"willkommen","status":"publish","type":"page","link":"https:\/\/mlv-zh.ch\/","title":{"rendered":"Willkommen"},"content":{"rendered":"\n<p><a href=\"https:\/\/mlv-zh.ch\/?page_id=4411\">Aktuelle Beitr\u00e4ge<\/a><\/p>\n\n\n\n<h2 class=\"wp-block-heading\">Der MLV<\/h2>\n\n\n\n<p>Wir setzen uns f\u00fcr die Mehrklassigkeit ein, weil wir so eine Lernumgebung schaffen k\u00f6nnen, in der wir die unterschiedlichsten Begabungen f\u00f6rdern, angemessene Leistungen fordern und Resultate anerkennen k\u00f6nnen.<\/p>\n\n\n\n<p>Wir werfen pro Jahr einen Blick auf Mehrklassenschulen \u201ein der Provinz\u201c und einen auf solche \u201ein urbanen Gebieten\u201c. Dazu setzen wir Schwerpunkte zu Themen, zu denen Mehrklassenlehrpersonen etwas zu sagen haben: Heterogenit\u00e4t und der wirksame Umgang damit, Teamteaching, Integration, Sparen, Betreuung, u.a. Zu den Vorstandssitzungen laden wir alle Interessierten herzlich ein. Die Daten stehen in der <a href=\"https:\/\/mlv-zh.ch\/?page_id=33\">Agenda<\/a>.<\/p>\n\n\n\n<p><\/p>\n","protected":false},"excerpt":{"rendered":"<p>Aktuelle Beitr\u00e4ge Der MLV Wir setzen uns f\u00fcr die Mehrklassigkeit ein, weil wir so eine Lernumgebung schaffen k\u00f6nnen, in der wir die unterschiedlichsten Begabungen f\u00f6rdern, angemessene Leistungen fordern und Resultate anerkennen k\u00f6nnen. Wir werfen pro Jahr einen Blick auf Mehrklassenschulen \u201ein der Provinz\u201c und einen auf solche \u201ein urbanen Gebieten\u201c. Dazu setzen wir Schwerpunkte zu [&hellip;]<\/p>\n","protected":false},"author":1,"featured_media":0,"parent":0,"menu_order":0,"comment_status":"closed","ping_status":"closed","template":"","meta":{"footnotes":""},"class_list":["post-23","page","type-page","status-publish","hentry"],"_links":{"self":[{"href":"https:\/\/mlv-zh.ch\/index.php?rest_route=\/wp\/v2\/pages\/23","targetHints":{"allow":["GET"]}}],"collection":[{"href":"https:\/\/mlv-zh.ch\/index.php?rest_route=\/wp\/v2\/pages"}],"about":[{"href":"https:\/\/mlv-zh.ch\/index.php?rest_route=\/wp\/v2\/types\/page"}],"author":[{"embeddable":true,"href":"https:\/\/mlv-zh.ch\/index.php?rest_route=\/wp\/v2\/users\/1"}],"replies":[{"embeddable":true,"href":"https:\/\/mlv-zh.ch\/index.php?rest_route=%2Fwp%2Fv2%2Fcomments&post=23"}],"version-history":[{"count":10,"href":"https:\/\/mlv-zh.ch\/index.php?rest_route=\/wp\/v2\/pages\/23\/revisions"}],"predecessor-version":[{"id":4808,"href":"https:\/\/mlv-zh.ch\/index.php?rest_route=\/wp\/v2\/pages\/23\/revisions\/4808"}],"wp:attachment":[{"href":"https:\/\/mlv-zh.ch\/index.php?rest_route=%2Fwp%2Fv2%2Fmedia&parent=23"}],"curies":[{"name":"wp","href":"https:\/\/api.w.org\/{rel}","templated":true}]}}