{"id":30,"date":"2020-10-12T18:48:30","date_gmt":"2020-10-12T18:48:30","guid":{"rendered":"https:\/\/mlv-zh.ch\/?page_id=30"},"modified":"2025-09-01T19:47:27","modified_gmt":"2025-09-01T19:47:27","slug":"vorstand","status":"publish","type":"page","link":"https:\/\/mlv-zh.ch\/?page_id=30","title":{"rendered":"Vorstand"},"content":{"rendered":"\n<figure class=\"wp-block-table\"><table><tbody><tr><td>Co-Pr\u00e4sidium<\/td><td>Franziska Sp\u00f6rri und vakant!<\/td><\/tr><tr><td>Vorstand<\/td><td>Johanna Albertin<\/td><\/tr><tr><td>Vorstand<\/td><td>Barbara Liebich<\/td><\/tr><tr><td>Vorstand<\/td><td>Eric P\u00e9risset<\/td><\/tr><tr><td>Vorstand<\/td><td>Marion Valsecchi<\/td><\/tr><tr><td>Vorstand<\/td><td>Susanne Schneider<\/td><\/tr><\/tbody><\/table><\/figure>\n\n\n\n<figure class=\"wp-block-image size-large is-resized\"><img loading=\"lazy\" decoding=\"async\" width=\"2560\" height=\"1188\" src=\"https:\/\/mlv-zh.ch\/wp-content\/uploads\/2025\/08\/MLV-Vorstand-edited-scaled.jpg\" alt=\"\" class=\"wp-image-5299\" style=\"width:654px;height:303px\" srcset=\"https:\/\/mlv-zh.ch\/wp-content\/uploads\/2025\/08\/MLV-Vorstand-edited-scaled.jpg 2560w, https:\/\/mlv-zh.ch\/wp-content\/uploads\/2025\/08\/MLV-Vorstand-edited-300x139.jpg 300w, https:\/\/mlv-zh.ch\/wp-content\/uploads\/2025\/08\/MLV-Vorstand-edited-1024x475.jpg 1024w, https:\/\/mlv-zh.ch\/wp-content\/uploads\/2025\/08\/MLV-Vorstand-edited-768x356.jpg 768w, https:\/\/mlv-zh.ch\/wp-content\/uploads\/2025\/08\/MLV-Vorstand-edited-1536x713.jpg 1536w, https:\/\/mlv-zh.ch\/wp-content\/uploads\/2025\/08\/MLV-Vorstand-edited-2048x950.jpg 2048w, https:\/\/mlv-zh.ch\/wp-content\/uploads\/2025\/08\/MLV-Vorstand-edited-624x290.jpg 624w\" sizes=\"auto, (max-width: 2560px) 100vw, 2560px\" \/><figcaption class=\"wp-element-caption\">Vorstand MLV Oktober 2023<\/figcaption><\/figure>\n","protected":false},"excerpt":{"rendered":"<p>Co-Pr\u00e4sidium Franziska Sp\u00f6rri und vakant! Vorstand Johanna Albertin Vorstand Barbara Liebich Vorstand Eric P\u00e9risset Vorstand Marion Valsecchi Vorstand Susanne Schneider<\/p>\n","protected":false},"author":1,"featured_media":0,"parent":25,"menu_order":0,"comment_status":"closed","ping_status":"closed","template":"","meta":{"footnotes":""},"class_list":["post-30","page","type-page","status-publish","hentry"],"_links":{"self":[{"href":"https:\/\/mlv-zh.ch\/index.php?rest_route=\/wp\/v2\/pages\/30","targetHints":{"allow":["GET"]}}],"collection":[{"href":"https:\/\/mlv-zh.ch\/index.php?rest_route=\/wp\/v2\/pages"}],"about":[{"href":"https:\/\/mlv-zh.ch\/index.php?rest_route=\/wp\/v2\/types\/page"}],"author":[{"embeddable":true,"href":"https:\/\/mlv-zh.ch\/index.php?rest_route=\/wp\/v2\/users\/1"}],"replies":[{"embeddable":true,"href":"https:\/\/mlv-zh.ch\/index.php?rest_route=%2Fwp%2Fv2%2Fcomments&post=30"}],"version-history":[{"count":16,"href":"https:\/\/mlv-zh.ch\/index.php?rest_route=\/wp\/v2\/pages\/30\/revisions"}],"predecessor-version":[{"id":5304,"href":"https:\/\/mlv-zh.ch\/index.php?rest_route=\/wp\/v2\/pages\/30\/revisions\/5304"}],"up":[{"embeddable":true,"href":"https:\/\/mlv-zh.ch\/index.php?rest_route=\/wp\/v2\/pages\/25"}],"wp:attachment":[{"href":"https:\/\/mlv-zh.ch\/index.php?rest_route=%2Fwp%2Fv2%2Fmedia&parent=30"}],"curies":[{"name":"wp","href":"https:\/\/api.w.org\/{rel}","templated":true}]}}