{"id":4517,"date":"2021-01-17T15:45:16","date_gmt":"2021-01-17T15:45:16","guid":{"rendered":"https:\/\/mlv-zh.ch\/?page_id=4517"},"modified":"2021-01-17T16:13:24","modified_gmt":"2021-01-17T16:13:24","slug":"gute-aufgaben","status":"publish","type":"page","link":"https:\/\/mlv-zh.ch\/?page_id=4517","title":{"rendered":"Gute Aufgaben"},"content":{"rendered":"\n<p>Dieses Seite wird weiter erg\u00e4nzt.<\/p>\n\n\n\n<hr class=\"wp-block-separator is-style-wide\"\/>\n\n\n\n<p><strong>Aus der Ideenb\u00f6rse vom 6.1.2021:<\/strong><br>Empfehlung von Eric P\u00e9risset: <a href=\"https:\/\/www.physik-im-advent.de\/\">Physik im Advent<\/a><br><br>Die Fluss\u00fcberquerung (klassische Probleml\u00f6seaufgabe)<\/p>\n\n\n\n<div class=\"wp-block-file\"><a href=\"https:\/\/mlv-zh.ch\/wp-content\/uploads\/2021\/01\/Hofmann-Eggmann-Denksport-48.pdf\">Hofmann-Eggmann Denksport 48<\/a><a href=\"https:\/\/mlv-zh.ch\/wp-content\/uploads\/2021\/01\/Hofmann-Eggmann-Denksport-48.pdf\" class=\"wp-block-file__button\" download>Herunterladen<\/a><\/div>\n\n\n\n<p><\/p>\n\n\n\n<p>Aufgabensammlung der Gesamtschule Unterstrass zum Probleml\u00f6sen:<\/p>\n\n\n\n<div class=\"wp-block-file\"><a href=\"https:\/\/mlv-zh.ch\/wp-content\/uploads\/2021\/01\/PL_Vorgehen_Polya.pdf\">PL_Vorgehen_Polya<\/a><a href=\"https:\/\/mlv-zh.ch\/wp-content\/uploads\/2021\/01\/PL_Vorgehen_Polya.pdf\" class=\"wp-block-file__button\" download>Herunterladen<\/a><\/div>\n\n\n\n<div class=\"wp-block-file\"><a href=\"https:\/\/mlv-zh.ch\/wp-content\/uploads\/2021\/01\/PL_Mechanik.pdf\">PL_Mechanik<\/a><a href=\"https:\/\/mlv-zh.ch\/wp-content\/uploads\/2021\/01\/PL_Mechanik.pdf\" class=\"wp-block-file__button\" download>Herunterladen<\/a><\/div>\n\n\n\n<div class=\"wp-block-file\"><a href=\"https:\/\/mlv-zh.ch\/wp-content\/uploads\/2021\/01\/PL_Kombinationen_Wahrscheinlichkeiten.pdf\">PL_Kombinationen_Wahrscheinlichkeiten<\/a><a href=\"https:\/\/mlv-zh.ch\/wp-content\/uploads\/2021\/01\/PL_Kombinationen_Wahrscheinlichkeiten.pdf\" class=\"wp-block-file__button\" download>Herunterladen<\/a><\/div>\n\n\n\n<div class=\"wp-block-file\"><a href=\"https:\/\/mlv-zh.ch\/wp-content\/uploads\/2021\/01\/PL_Denkaufgaben.pdf\">PL_Denkaufgaben<\/a><a href=\"https:\/\/mlv-zh.ch\/wp-content\/uploads\/2021\/01\/PL_Denkaufgaben.pdf\" class=\"wp-block-file__button\" download>Herunterladen<\/a><\/div>\n\n\n\n<hr class=\"wp-block-separator is-style-wide\"\/>\n\n\n\n<p><\/p>\n","protected":false},"excerpt":{"rendered":"<p>Dieses Seite wird weiter erg\u00e4nzt. Aus der Ideenb\u00f6rse vom 6.1.2021:Empfehlung von Eric P\u00e9risset: Physik im Advent Die Fluss\u00fcberquerung (klassische Probleml\u00f6seaufgabe) Aufgabensammlung der Gesamtschule Unterstrass zum Probleml\u00f6sen:<\/p>\n","protected":false},"author":4,"featured_media":0,"parent":0,"menu_order":0,"comment_status":"closed","ping_status":"closed","template":"","meta":{"footnotes":""},"class_list":["post-4517","page","type-page","status-publish","hentry"],"_links":{"self":[{"href":"https:\/\/mlv-zh.ch\/index.php?rest_route=\/wp\/v2\/pages\/4517","targetHints":{"allow":["GET"]}}],"collection":[{"href":"https:\/\/mlv-zh.ch\/index.php?rest_route=\/wp\/v2\/pages"}],"about":[{"href":"https:\/\/mlv-zh.ch\/index.php?rest_route=\/wp\/v2\/types\/page"}],"author":[{"embeddable":true,"href":"https:\/\/mlv-zh.ch\/index.php?rest_route=\/wp\/v2\/users\/4"}],"replies":[{"embeddable":true,"href":"https:\/\/mlv-zh.ch\/index.php?rest_route=%2Fwp%2Fv2%2Fcomments&post=4517"}],"version-history":[{"count":7,"href":"https:\/\/mlv-zh.ch\/index.php?rest_route=\/wp\/v2\/pages\/4517\/revisions"}],"predecessor-version":[{"id":4538,"href":"https:\/\/mlv-zh.ch\/index.php?rest_route=\/wp\/v2\/pages\/4517\/revisions\/4538"}],"wp:attachment":[{"href":"https:\/\/mlv-zh.ch\/index.php?rest_route=%2Fwp%2Fv2%2Fmedia&parent=4517"}],"curies":[{"name":"wp","href":"https:\/\/api.w.org\/{rel}","templated":true}]}}