{"id":4823,"date":"2022-01-01T11:11:21","date_gmt":"2022-01-01T11:11:21","guid":{"rendered":"https:\/\/mlv-zh.ch\/?page_id=4823"},"modified":"2022-01-01T11:30:15","modified_gmt":"2022-01-01T11:30:15","slug":"textsorte-weiter-erzaehlen","status":"publish","type":"page","link":"https:\/\/mlv-zh.ch\/?page_id=4823","title":{"rendered":"Textsorte: Weiter erz\u00e4hlen"},"content":{"rendered":"\n<p>Zu einem gegebenen Anfang eine Fortsetzung finden. Hier sind einige Materialien zusammengestellt: 20 Textanf\u00e4nge, ein Modelltext, eine Idee f\u00fcr die Planung mit Klebezetteln sowie Kriterien f\u00fcr Unter- und Mittelstufe. Die Kriterien k\u00f6nnen gebraucht werden f\u00fcr die Selbstbeurteilung, die Beurteilung durch andere SuS und durch die Lehrperson. Es empfiehlt sich, die Kriterien VOR dem Schreibprozess kennenzulernen &#8211; zum Beispiel, indem die Klasse damit gemeinsam den Modelltext beurteilt.<br>Eine Unterlage f\u00fcr eine Schreibkonferenz (basierend auf diesen Kriterien) liegt auch bei.<\/p>\n\n\n\n<p>Wir haben das Thema mit einer 1.-6. Klasse durchgef\u00fchrt. Auskunft: <a  href=\"javascript:smae_decode('bWFyay5wbHVlc3NAc2NodWxlaGlud2lsLmNo');\" >&#077;&#097;&#114;&#107;&#032;&#080;&#108;&#117;&#101;&#115;&#115;<\/a>, Schule Unterholz, Hinwil<\/p>\n\n\n\n<p><a href=\"https:\/\/youtu.be\/8orJw5oXAI4\">Film<\/a> auf den Seiten von profilQualit\u00e9, u.a. mit Aufnahmen der Schreibkonferenz<\/p>\n\n\n\n<div class=\"wp-block-file\"><a href=\"https:\/\/mlv-zh.ch\/wp-content\/uploads\/2022\/01\/200321-Weiter-erza\u0308hlen-UST-Kriterien-20-Textanfa\u0308nge.docx\">200321 Weiter erza\u0308hlen UST Kriterien + 20 Textanfa\u0308nge<\/a><a href=\"https:\/\/mlv-zh.ch\/wp-content\/uploads\/2022\/01\/200321-Weiter-erza\u0308hlen-UST-Kriterien-20-Textanfa\u0308nge.docx\" class=\"wp-block-file__button\" download>Herunterladen<\/a><\/div>\n\n\n\n<div class=\"wp-block-file\"><a href=\"https:\/\/mlv-zh.ch\/wp-content\/uploads\/2022\/01\/140919-Weiter-erza\u0308hlen-MST-Modelltext-Kriterien.doc\">140919 Weiter erza\u0308hlen MST Modelltext + Kriterien<\/a><a href=\"https:\/\/mlv-zh.ch\/wp-content\/uploads\/2022\/01\/140919-Weiter-erza\u0308hlen-MST-Modelltext-Kriterien.doc\" class=\"wp-block-file__button\" download>Herunterladen<\/a><\/div>\n\n\n\n<div class=\"wp-block-file\"><a href=\"https:\/\/mlv-zh.ch\/wp-content\/uploads\/2022\/01\/AT-Post-it.jpg\">AT Post-it<\/a><a href=\"https:\/\/mlv-zh.ch\/wp-content\/uploads\/2022\/01\/AT-Post-it.jpg\" class=\"wp-block-file__button\" download>Herunterladen<\/a><\/div>\n\n\n\n<div class=\"wp-block-file\"><a href=\"https:\/\/mlv-zh.ch\/wp-content\/uploads\/2022\/01\/211030-Schreibkonferenz-weiter-erza\u0308hlen.docx\">211030 Schreibkonferenz weiter erza\u0308hlen<\/a><a href=\"https:\/\/mlv-zh.ch\/wp-content\/uploads\/2022\/01\/211030-Schreibkonferenz-weiter-erza\u0308hlen.docx\" class=\"wp-block-file__button\" download>Herunterladen<\/a><\/div>\n","protected":false},"excerpt":{"rendered":"<p>Zu einem gegebenen Anfang eine Fortsetzung finden. Hier sind einige Materialien zusammengestellt: 20 Textanf\u00e4nge, ein Modelltext, eine Idee f\u00fcr die Planung mit Klebezetteln sowie Kriterien f\u00fcr Unter- und Mittelstufe. Die Kriterien k\u00f6nnen gebraucht werden f\u00fcr die Selbstbeurteilung, die Beurteilung durch andere SuS und durch die Lehrperson. Es empfiehlt sich, die Kriterien VOR dem Schreibprozess kennenzulernen [&hellip;]<\/p>\n","protected":false},"author":4,"featured_media":0,"parent":0,"menu_order":0,"comment_status":"closed","ping_status":"closed","template":"","meta":{"footnotes":""},"class_list":["post-4823","page","type-page","status-publish","hentry"],"_links":{"self":[{"href":"https:\/\/mlv-zh.ch\/index.php?rest_route=\/wp\/v2\/pages\/4823","targetHints":{"allow":["GET"]}}],"collection":[{"href":"https:\/\/mlv-zh.ch\/index.php?rest_route=\/wp\/v2\/pages"}],"about":[{"href":"https:\/\/mlv-zh.ch\/index.php?rest_route=\/wp\/v2\/types\/page"}],"author":[{"embeddable":true,"href":"https:\/\/mlv-zh.ch\/index.php?rest_route=\/wp\/v2\/users\/4"}],"replies":[{"embeddable":true,"href":"https:\/\/mlv-zh.ch\/index.php?rest_route=%2Fwp%2Fv2%2Fcomments&post=4823"}],"version-history":[{"count":5,"href":"https:\/\/mlv-zh.ch\/index.php?rest_route=\/wp\/v2\/pages\/4823\/revisions"}],"predecessor-version":[{"id":4838,"href":"https:\/\/mlv-zh.ch\/index.php?rest_route=\/wp\/v2\/pages\/4823\/revisions\/4838"}],"wp:attachment":[{"href":"https:\/\/mlv-zh.ch\/index.php?rest_route=%2Fwp%2Fv2%2Fmedia&parent=4823"}],"curies":[{"name":"wp","href":"https:\/\/api.w.org\/{rel}","templated":true}]}}