{"id":4977,"date":"2023-03-14T10:22:34","date_gmt":"2023-03-14T10:22:34","guid":{"rendered":"https:\/\/mlv-zh.ch\/?page_id=4977"},"modified":"2023-03-14T10:27:39","modified_gmt":"2023-03-14T10:27:39","slug":"bewegungslandschaften","status":"publish","type":"page","link":"https:\/\/mlv-zh.ch\/?page_id=4977","title":{"rendered":"Bewegungslandschaften"},"content":{"rendered":"\n<p>Bewegungslandschaften beruhen auf dem Konzept, dass Sch\u00fclerinnen und Sch\u00fcler unter der Aufsicht von Fachpersonen vielf\u00e4ltige Bewegungsangebote zur Verf\u00fcgung gestellt werden und sie diese frei nutzen k\u00f6nnen. Die Sch\u00fclerinnen und Sch\u00fcler lernen dadurch selbstbestimmt neue Bewegungsformen durch Experimentieren, Beobachten und Nachahmen von anderen Sch\u00fclerinnen und Sch\u00fclern. Dabei stossen sie immer wieder an ihre eigenen Grenzen und k\u00f6nnen diese laufend erweitern.<\/p>\n\n\n\n<p>Einmal pro Woche wird in der Turnhalle durch die 6. Klasse eine Bewegungslandschaft f\u00fcr das ganze Schulhaus (Kindergarten bis 6. Klasse) geplant, aufgestellt und wieder abgebaut. W\u00e4hrend des ganzen Tages haben die verschiedenen Klassen die M\u00f6glichkeit, die Bewegungslandschaft zu benutzen. Es braucht keinen fixen Zeitplan, da es vor allem auch dann spannend wird, wenn Klassen sich mischen.<\/p>\n\n\n\n<p>Detailliertere Infos unter&nbsp;<a href=\"http:\/\/www.bewegungslandschaft.ch\/\" target=\"_blank\" rel=\"noreferrer noopener\">www.bewegungslandschaft.ch<\/a>&nbsp;oder auf Anfrage unter&nbsp;<a  href=\"javascript:smae_decode('bWFyaW9uLnZhbHNlY2NoaUBzY2h1bGUtZWxnZy5jaA==');\" target=\"_blank\"  rel=\"noreferrer noopener\">&#109;&#097;&#114;&#105;&#111;&#110;&#046;&#118;&#097;&#108;&#115;&#101;&#099;&#099;&#104;&#105;&#064;&#115;&#099;&#104;&#117;&#108;&#101;&#045;&#101;&#108;&#103;&#103;&#046;&#099;&#104;<\/a><\/p>\n","protected":false},"excerpt":{"rendered":"<p>Bewegungslandschaften beruhen auf dem Konzept, dass Sch\u00fclerinnen und Sch\u00fcler unter der Aufsicht von Fachpersonen vielf\u00e4ltige Bewegungsangebote zur Verf\u00fcgung gestellt werden und sie diese frei nutzen k\u00f6nnen. Die Sch\u00fclerinnen und Sch\u00fcler lernen dadurch selbstbestimmt neue Bewegungsformen durch Experimentieren, Beobachten und Nachahmen von anderen Sch\u00fclerinnen und Sch\u00fclern. Dabei stossen sie immer wieder an ihre eigenen Grenzen und [&hellip;]<\/p>\n","protected":false},"author":3,"featured_media":0,"parent":0,"menu_order":0,"comment_status":"closed","ping_status":"closed","template":"","meta":{"footnotes":""},"class_list":["post-4977","page","type-page","status-publish","hentry"],"_links":{"self":[{"href":"https:\/\/mlv-zh.ch\/index.php?rest_route=\/wp\/v2\/pages\/4977","targetHints":{"allow":["GET"]}}],"collection":[{"href":"https:\/\/mlv-zh.ch\/index.php?rest_route=\/wp\/v2\/pages"}],"about":[{"href":"https:\/\/mlv-zh.ch\/index.php?rest_route=\/wp\/v2\/types\/page"}],"author":[{"embeddable":true,"href":"https:\/\/mlv-zh.ch\/index.php?rest_route=\/wp\/v2\/users\/3"}],"replies":[{"embeddable":true,"href":"https:\/\/mlv-zh.ch\/index.php?rest_route=%2Fwp%2Fv2%2Fcomments&post=4977"}],"version-history":[{"count":1,"href":"https:\/\/mlv-zh.ch\/index.php?rest_route=\/wp\/v2\/pages\/4977\/revisions"}],"predecessor-version":[{"id":4979,"href":"https:\/\/mlv-zh.ch\/index.php?rest_route=\/wp\/v2\/pages\/4977\/revisions\/4979"}],"wp:attachment":[{"href":"https:\/\/mlv-zh.ch\/index.php?rest_route=%2Fwp%2Fv2%2Fmedia&parent=4977"}],"curies":[{"name":"wp","href":"https:\/\/api.w.org\/{rel}","templated":true}]}}